{"id":5997,"date":"2024-09-19T13:09:12","date_gmt":"2024-09-19T13:09:12","guid":{"rendered":"https:\/\/mariarooth.com\/start-hockey-school\/summer-hockey-school\/practical-information\/"},"modified":"2026-04-10T09:14:50","modified_gmt":"2026-04-10T09:14:50","slug":"practical-information","status":"publish","type":"page","link":"https:\/\/mariarooth.com\/en\/start-hockey-school\/summer-hockey-school\/practical-information\/","title":{"rendered":"Practical information"},"content":{"rendered":"\t\t<div data-elementor-type=\"wp-page\" data-elementor-id=\"5997\" class=\"elementor elementor-5997 elementor-1908\" data-elementor-settings=\"{&quot;ha_cmc_init_switcher&quot;:&quot;no&quot;}\" data-elementor-post-type=\"page\">\n\t\t\t\t<div class=\"elementor-element elementor-element-7b0c3cf e-flex e-con-boxed e-con e-parent\" data-id=\"7b0c3cf\" data-element_type=\"container\" data-e-type=\"container\" data-settings=\"{&quot;background_background&quot;:&quot;classic&quot;,&quot;_ha_eqh_enable&quot;:false}\">\n\t\t\t\t\t<div class=\"e-con-inner\">\n\t\t\t\t<div class=\"elementor-element elementor-element-47223c8 elementor-widget elementor-widget-heading\" data-id=\"47223c8\" data-element_type=\"widget\" data-e-type=\"widget\" data-widget_type=\"heading.default\">\n\t\t\t\t<div class=\"elementor-widget-container\">\n\t\t\t\t\t<h1 class=\"elementor-heading-title elementor-size-default\">Practical information<\/h1>\t\t\t\t<\/div>\n\t\t\t\t<\/div>\n\t\t\t\t\t<\/div>\n\t\t\t\t<\/div>\n\t\t<div class=\"elementor-element elementor-element-2643fd6 e-flex e-con-boxed e-con e-parent\" data-id=\"2643fd6\" data-element_type=\"container\" data-e-type=\"container\" data-settings=\"{&quot;_ha_eqh_enable&quot;:false}\">\n\t\t\t\t\t<div class=\"e-con-inner\">\n\t\t\t\t<div class=\"elementor-element elementor-element-845cc70 elementor-icon-list--layout-inline elementor-list-item-link-full_width elementor-widget elementor-widget-icon-list\" data-id=\"845cc70\" data-element_type=\"widget\" data-e-type=\"widget\" data-widget_type=\"icon-list.default\">\n\t\t\t\t<div class=\"elementor-widget-container\">\n\t\t\t\t\t\t\t<ul class=\"elementor-icon-list-items elementor-inline-items\">\n\t\t\t\t\t\t\t<li class=\"elementor-icon-list-item elementor-inline-item\">\n\t\t\t\t\t\t\t\t\t\t\t<a href=\"https:\/\/mariarooth.com\/start-forelasningar\/\">\n\n\t\t\t\t\t\t\t\t\t\t\t<span class=\"elementor-icon-list-text\">Home<\/span>\n\t\t\t\t\t\t\t\t\t\t\t<\/a>\n\t\t\t\t\t\t\t\t\t<\/li>\n\t\t\t\t\t\t\t\t<li class=\"elementor-icon-list-item elementor-inline-item\">\n\t\t\t\t\t\t\t\t\t\t\t<a href=\"https:\/\/mariarooth.com\/start-hockeyskolan\/sommarhockeyskolan\/\">\n\n\t\t\t\t\t\t\t\t\t\t\t\t<span class=\"elementor-icon-list-icon\">\n\t\t\t\t\t\t\t<i aria-hidden=\"true\" class=\"fas fa-angle-right\"><\/i>\t\t\t\t\t\t<\/span>\n\t\t\t\t\t\t\t\t\t\t<span class=\"elementor-icon-list-text\">Summer hockey school<\/span>\n\t\t\t\t\t\t\t\t\t\t\t<\/a>\n\t\t\t\t\t\t\t\t\t<\/li>\n\t\t\t\t\t\t\t\t<li class=\"elementor-icon-list-item elementor-inline-item\">\n\t\t\t\t\t\t\t\t\t\t\t<span class=\"elementor-icon-list-icon\">\n\t\t\t\t\t\t\t<i aria-hidden=\"true\" class=\"fas fa-angle-right\"><\/i>\t\t\t\t\t\t<\/span>\n\t\t\t\t\t\t\t\t\t\t<span class=\"elementor-icon-list-text\"><\/span>\n\t\t\t\t\t\t\t\t\t<\/li>\n\t\t\t\t\t\t<\/ul>\n\t\t\t\t\t\t<\/div>\n\t\t\t\t<\/div>\n\t\t\t\t\t<\/div>\n\t\t\t\t<\/div>\n\t\t<div class=\"elementor-element elementor-element-c7fbf47 e-flex e-con-boxed e-con e-parent\" data-id=\"c7fbf47\" data-element_type=\"container\" data-e-type=\"container\" data-settings=\"{&quot;_ha_eqh_enable&quot;:false}\">\n\t\t\t\t\t<div class=\"e-con-inner\">\n\t\t\t\t<div class=\"elementor-element elementor-element-fc894bb elementor-widget elementor-widget-heading\" data-id=\"fc894bb\" data-element_type=\"widget\" data-e-type=\"widget\" data-widget_type=\"heading.default\">\n\t\t\t\t<div class=\"elementor-widget-container\">\n\t\t\t\t\t<h2 class=\"elementor-heading-title elementor-size-default\">Before the summer hockey school<\/h2>\t\t\t\t<\/div>\n\t\t\t\t<\/div>\n\t\t\t\t<div class=\"elementor-element elementor-element-f9533bd elementor-widget elementor-widget-text-editor\" data-id=\"f9533bd\" data-element_type=\"widget\" data-e-type=\"widget\" data-widget_type=\"text-editor.default\">\n\t\t\t\t<div class=\"elementor-widget-container\">\n\t\t\t\t\t\t\t\t\t<p><strong>Catena Arena, \u00c4ngelholm<\/strong><br \/>The hockey school is located in the Catena Arena in \u00c4ngelholm. There we will train, eat and stay during the whole camp.<br \/>Address: Catena Arena, Ishallsv\u00e4gen, 262 54 \u00c4ngelholm. <a href=\"https:\/\/maps.app.goo.gl\/MgFi7X62ak6oDbTV7\" target=\"_blank\" rel=\"noopener\">Click here for map<\/a>.<br \/>Parking in front of the arena.<\/p><p><strong>Not an authorized summer hockey school<\/strong><br \/>As of January 2016, Maria Rooth Summer Hockey School is not an authorized summer hockey school via the Swedish Ice Hockey Association. This is because they only authorize associations, not companies. In practical terms, this means that the student is not insured by the Swedish Ice Hockey Association during the week.<\/p><p><strong>Camp policy &#8211; The school open to all<\/strong><br \/>The school is open to everyone to enroll in, where we only limit on number, age and gender.<\/p><p><strong>Registration:<\/strong><br \/>(The same information applies to both weeks).<br \/>Registration takes place in the arena on the first day of camp between 2-4 PM. At registration in the piazza (just inside the entrance doors) you will receive a t-shirt, schedule, accreditation and information about the week. Free ice time will be available during the enrollment day. Maria Rooth Clothing collection 2025 will be sold during enrollment, here you can pay with cash, as well as swish.<br \/>Accommodation to the boarding school at the arena where the students will live will be made at enrollment.<\/p><p><strong>Opening Ceremony:<\/strong><br \/>We will have an opening ceremony in Catena Arena on the first day after enrollment, at 4.30-5.15 PM. Parents are welcome and encouraged to attend.<\/p><p><strong>Closure:<\/strong><br \/>The closure takes place on the last day after the scrimmage. Parents are welcome to attend. The last group will be done around 2-3 PM.<\/p><p><strong>Food:<\/strong><br \/>All meals of the week for students are served inside the arena in the restaurant. We will also make sure that parents can buy breakfast, lunch and dinner at the same restaurant in the arena.<\/p><p><strong>Remember:<\/strong><br \/>Blister patches and alvedon\/iprene, fluid replacement,\u00a0 full equipment (except hockey jersey) and sticks (plus an extra one for off-ice training), SKATE PROTECTION, golf ball\/wooden ball for off-ice, jogging shoes, training clothes, towel*2, rain jacket\/umbrella, pocket money.<\/p><p><strong>Changes to the groups:<\/strong><br \/>The management of the Hockey School has the right to change the groups. This is done in consultation with the coaches, group leaders and the student. We ask parents to be lenient, we make decisions based on what we think is best for the student.<\/p><p><strong>Grinding:<\/strong><br \/>There will be the possibility of grinding during the week for a small fee. Make sure you come to camp with freshly sharpened skates! If you have new skates, we recommend that you try them on before the camp to avoid chafing and that you bring your old skates!<\/p><p><strong>Boarding students:<\/strong><br \/>Boarding students sleep in the arena in lodges overlooking the ice, or in other rooms in the arena. Adult hosts are available at the venue to look after the girls throughout the week. Their telephone numbers are available on arrival.<br \/><em>You need to bring a mattress (inflatable perhaps?) MAX 90 cm wide (preferably 80 cm)<\/em>, a fitted sheet, pillow, blanket\/sleeping bag and your own small towel.<\/p><p><strong>Maria Rooth Clothing Collection:<\/strong><br \/>Inside the restaurant, we will have the Maria Rooth Clothing Collection for sale all week. The collection contains various products such as; hoods, zip-hoods, sweatpants, t-shirts, shorts, skate guards, bags, hats etc. The collection is aimed at a wider audience, yes everyone involved in hockey today who believes in #hockeyforall.<\/p><p><strong>Cillas Caf\u00e9:<\/strong><br \/>A caf\u00e9 will be located upstairs in the stadium restaurant. There will be homemade pastries, coffee\/tea, soft drinks, fruit, sweets etc. We love it when you come here to talk and socialize during the week!<\/p><p><strong>Contact:<\/strong><br \/>For questions contact maria@mariarooth.com<\/p>\t\t\t\t\t\t\t\t<\/div>\n\t\t\t\t<\/div>\n\t\t\t\t\t<\/div>\n\t\t\t\t<\/div>\n\t\t\t\t<\/div>\n\t\t","protected":false},"excerpt":{"rendered":"<p>Practical information Home Summer hockey school Before the summer hockey school Catena Arena, \u00c4ngelholmThe hockey school is located in the Catena Arena in \u00c4ngelholm. There we will train, eat and stay during the whole camp.Address: Catena Arena, Ishallsv\u00e4gen, 262 54 \u00c4ngelholm. Click here for map.Parking in front of the arena. Not an authorized summer hockey [&hellip;]<\/p>\n","protected":false},"author":1,"featured_media":0,"parent":5993,"menu_order":0,"comment_status":"closed","ping_status":"closed","template":"","meta":{"site-sidebar-layout":"no-sidebar","site-content-layout":"page-builder","ast-site-content-layout":"full-width-container","site-content-style":"unboxed","site-sidebar-style":"unboxed","ast-global-header-display":"","ast-banner-title-visibility":"","ast-main-header-display":"","ast-hfb-above-header-display":"","ast-hfb-below-header-display":"","ast-hfb-mobile-header-display":"","site-post-title":"disabled","ast-breadcrumbs-content":"","ast-featured-img":"disabled","footer-sml-layout":"","ast-disable-related-posts":"","theme-transparent-header-meta":"default","adv-header-id-meta":"","stick-header-meta":"","header-above-stick-meta":"","header-main-stick-meta":"","header-below-stick-meta":"","astra-migrate-meta-layouts":"default","ast-page-background-enabled":"default","ast-page-background-meta":{"desktop":{"background-color":"","background-image":"","background-repeat":"repeat","background-position":"center center","background-size":"auto","background-attachment":"scroll","background-type":"","background-media":"","overlay-type":"","overlay-color":"","overlay-opacity":"","overlay-gradient":""},"tablet":{"background-color":"","background-image":"","background-repeat":"repeat","background-position":"center center","background-size":"auto","background-attachment":"scroll","background-type":"","background-media":"","overlay-type":"","overlay-color":"","overlay-opacity":"","overlay-gradient":""},"mobile":{"background-color":"","background-image":"","background-repeat":"repeat","background-position":"center center","background-size":"auto","background-attachment":"scroll","background-type":"","background-media":"","overlay-type":"","overlay-color":"","overlay-opacity":"","overlay-gradient":""}},"ast-content-background-meta":{"desktop":{"background-color":"var(--ast-global-color-5)","background-image":"","background-repeat":"repeat","background-position":"center center","background-size":"auto","background-attachment":"scroll","background-type":"","background-media":"","overlay-type":"","overlay-color":"","overlay-opacity":"","overlay-gradient":""},"tablet":{"background-color":"var(--ast-global-color-5)","background-image":"","background-repeat":"repeat","background-position":"center center","background-size":"auto","background-attachment":"scroll","background-type":"","background-media":"","overlay-type":"","overlay-color":"","overlay-opacity":"","overlay-gradient":""},"mobile":{"background-color":"var(--ast-global-color-5)","background-image":"","background-repeat":"repeat","background-position":"center center","background-size":"auto","background-attachment":"scroll","background-type":"","background-media":"","overlay-type":"","overlay-color":"","overlay-opacity":"","overlay-gradient":""}},"footnotes":""},"class_list":["post-5997","page","type-page","status-publish","hentry"],"_links":{"self":[{"href":"https:\/\/mariarooth.com\/en\/wp-json\/wp\/v2\/pages\/5997","targetHints":{"allow":["GET"]}}],"collection":[{"href":"https:\/\/mariarooth.com\/en\/wp-json\/wp\/v2\/pages"}],"about":[{"href":"https:\/\/mariarooth.com\/en\/wp-json\/wp\/v2\/types\/page"}],"author":[{"embeddable":true,"href":"https:\/\/mariarooth.com\/en\/wp-json\/wp\/v2\/users\/1"}],"replies":[{"embeddable":true,"href":"https:\/\/mariarooth.com\/en\/wp-json\/wp\/v2\/comments?post=5997"}],"version-history":[{"count":6,"href":"https:\/\/mariarooth.com\/en\/wp-json\/wp\/v2\/pages\/5997\/revisions"}],"predecessor-version":[{"id":7311,"href":"https:\/\/mariarooth.com\/en\/wp-json\/wp\/v2\/pages\/5997\/revisions\/7311"}],"up":[{"embeddable":true,"href":"https:\/\/mariarooth.com\/en\/wp-json\/wp\/v2\/pages\/5993"}],"wp:attachment":[{"href":"https:\/\/mariarooth.com\/en\/wp-json\/wp\/v2\/media?parent=5997"}],"curies":[{"name":"wp","href":"https:\/\/api.w.org\/{rel}","templated":true}]}}