{"id":6007,"date":"2024-09-19T09:58:08","date_gmt":"2024-09-19T09:58:08","guid":{"rendered":"https:\/\/mariarooth.com\/start-hockey-school\/about-maria\/"},"modified":"2024-12-10T10:39:43","modified_gmt":"2024-12-10T10:39:43","slug":"about-maria","status":"publish","type":"page","link":"https:\/\/mariarooth.com\/en\/start-hockey-school\/about-maria\/","title":{"rendered":"About Maria"},"content":{"rendered":"\t\t<div data-elementor-type=\"wp-page\" data-elementor-id=\"6007\" class=\"elementor elementor-6007 elementor-1823\" data-elementor-settings=\"{&quot;ha_cmc_init_switcher&quot;:&quot;no&quot;}\" data-elementor-post-type=\"page\">\n\t\t\t\t<div class=\"elementor-element elementor-element-7b0c3cf e-flex e-con-boxed e-con e-parent\" data-id=\"7b0c3cf\" data-element_type=\"container\" data-e-type=\"container\" data-settings=\"{&quot;background_background&quot;:&quot;classic&quot;,&quot;_ha_eqh_enable&quot;:false}\">\n\t\t\t\t\t<div class=\"e-con-inner\">\n\t\t\t\t<div class=\"elementor-element elementor-element-47223c8 elementor-widget elementor-widget-heading\" data-id=\"47223c8\" data-element_type=\"widget\" data-e-type=\"widget\" data-widget_type=\"heading.default\">\n\t\t\t\t<div class=\"elementor-widget-container\">\n\t\t\t\t\t<h1 class=\"elementor-heading-title elementor-size-default\">About Maria<\/h1>\t\t\t\t<\/div>\n\t\t\t\t<\/div>\n\t\t\t\t\t<\/div>\n\t\t\t\t<\/div>\n\t\t<div class=\"elementor-element elementor-element-2643fd6 e-flex e-con-boxed e-con e-parent\" data-id=\"2643fd6\" data-element_type=\"container\" data-e-type=\"container\" data-settings=\"{&quot;_ha_eqh_enable&quot;:false}\">\n\t\t\t\t\t<div class=\"e-con-inner\">\n\t\t\t\t<div class=\"elementor-element elementor-element-845cc70 elementor-icon-list--layout-inline elementor-list-item-link-full_width elementor-widget elementor-widget-icon-list\" data-id=\"845cc70\" data-element_type=\"widget\" data-e-type=\"widget\" data-widget_type=\"icon-list.default\">\n\t\t\t\t<div class=\"elementor-widget-container\">\n\t\t\t\t\t\t\t<ul class=\"elementor-icon-list-items elementor-inline-items\">\n\t\t\t\t\t\t\t<li class=\"elementor-icon-list-item elementor-inline-item\">\n\t\t\t\t\t\t\t\t\t\t\t<a href=\"https:\/\/mariarooth.com\/start-hockeyskolan\/\">\n\n\t\t\t\t\t\t\t\t\t\t\t<span class=\"elementor-icon-list-text\">Start date<\/span>\n\t\t\t\t\t\t\t\t\t\t\t<\/a>\n\t\t\t\t\t\t\t\t\t<\/li>\n\t\t\t\t\t\t\t\t<li class=\"elementor-icon-list-item elementor-inline-item\">\n\t\t\t\t\t\t\t\t\t\t\t<span class=\"elementor-icon-list-icon\">\n\t\t\t\t\t\t\t<i aria-hidden=\"true\" class=\"fas fa-angle-right\"><\/i>\t\t\t\t\t\t<\/span>\n\t\t\t\t\t\t\t\t\t\t<span class=\"elementor-icon-list-text\"><\/span>\n\t\t\t\t\t\t\t\t\t<\/li>\n\t\t\t\t\t\t<\/ul>\n\t\t\t\t\t\t<\/div>\n\t\t\t\t<\/div>\n\t\t\t\t\t<\/div>\n\t\t\t\t<\/div>\n\t\t<div class=\"elementor-element elementor-element-ebfe460 e-flex e-con-boxed e-con e-parent\" data-id=\"ebfe460\" data-element_type=\"container\" data-e-type=\"container\" data-settings=\"{&quot;_ha_eqh_enable&quot;:false}\">\n\t\t\t\t\t<div class=\"e-con-inner\">\n\t\t\t\t<div class=\"elementor-element elementor-element-d19bccc elementor-widget__width-initial elementor-widget elementor-widget-heading\" data-id=\"d19bccc\" data-element_type=\"widget\" data-e-type=\"widget\" data-widget_type=\"heading.default\">\n\t\t\t\t<div class=\"elementor-widget-container\">\n\t\t\t\t\t<h2 class=\"elementor-heading-title elementor-size-default\">Who is Maria Rooth?<\/h2>\t\t\t\t<\/div>\n\t\t\t\t<\/div>\n\t\t\t\t<div class=\"elementor-element elementor-element-0297271 elementor-widget__width-initial elementor-widget elementor-widget-text-editor\" data-id=\"0297271\" data-element_type=\"widget\" data-e-type=\"widget\" data-widget_type=\"text-editor.default\">\n\t\t\t\t<div class=\"elementor-widget-container\">\n\t\t\t\t\t\t\t\t\t<p>After 265 international games, she hung up her skates after the 2009\/2010 season. Today she works as an inspirational speaker, runs a summer hockey school for girls, organizes mini hockey camps throughout the Nordic region, sells girls&#8217; and women&#8217;s hockey clothing and is a hockey expert for SVT. In addition, Maria is CEO of JUSTICE Hockey AB, a company that sells ice hockey sticks adapted to the individual.    <\/p>\n\t\t\t\t\t\t\t\t<\/div>\n\t\t\t\t<\/div>\n\t\t\t\t\t<\/div>\n\t\t\t\t<\/div>\n\t\t<div class=\"elementor-element elementor-element-bc0ea7b e-flex e-con-boxed e-con e-parent\" data-id=\"bc0ea7b\" data-element_type=\"container\" data-e-type=\"container\" data-settings=\"{&quot;background_background&quot;:&quot;classic&quot;,&quot;_ha_eqh_enable&quot;:false}\">\n\t\t\t\t\t<div class=\"e-con-inner\">\n\t\t<div class=\"elementor-element elementor-element-8790b84 e-con-full e-flex e-con e-child\" data-id=\"8790b84\" data-element_type=\"container\" data-e-type=\"container\" data-settings=\"{&quot;background_background&quot;:&quot;classic&quot;,&quot;_ha_eqh_enable&quot;:false}\">\n\t\t\t\t<div class=\"elementor-element elementor-element-5d7f70c elementor-widget elementor-widget-spacer\" data-id=\"5d7f70c\" data-element_type=\"widget\" data-e-type=\"widget\" data-widget_type=\"spacer.default\">\n\t\t\t\t<div class=\"elementor-widget-container\">\n\t\t\t\t\t\t\t<div class=\"elementor-spacer\">\n\t\t\t<div class=\"elementor-spacer-inner\"><\/div>\n\t\t<\/div>\n\t\t\t\t\t\t<\/div>\n\t\t\t\t<\/div>\n\t\t\t\t<\/div>\n\t\t<div class=\"elementor-element elementor-element-e0cada7 e-con-full e-flex e-con e-child\" data-id=\"e0cada7\" data-element_type=\"container\" data-e-type=\"container\" data-settings=\"{&quot;_ha_eqh_enable&quot;:false}\">\n\t\t\t\t<div class=\"elementor-element elementor-element-e6bc3ff elementor-widget elementor-widget-heading\" data-id=\"e6bc3ff\" data-element_type=\"widget\" data-e-type=\"widget\" data-widget_type=\"heading.default\">\n\t\t\t\t<div class=\"elementor-widget-container\">\n\t\t\t\t\t<h2 class=\"elementor-heading-title elementor-size-default\">The beginning of your career<\/h2>\t\t\t\t<\/div>\n\t\t\t\t<\/div>\n\t\t\t\t<div class=\"elementor-element elementor-element-d870378 elementor-widget elementor-widget-text-editor\" data-id=\"d870378\" data-element_type=\"widget\" data-e-type=\"widget\" data-widget_type=\"text-editor.default\">\n\t\t\t\t<div class=\"elementor-widget-container\">\n\t\t\t\t\t\t\t\t\t<p>Maria started her ice hockey career at the age of 5 with the boys of R\u00f6gle BK in her hometown of \u00c4ngelholm. R\u00f6gle gave her an incredible ice hockey education that she benefited from in her adult career, where for a time she was considered one of the top 10 women&#8217;s hockey players in the world. Maria played with R\u00f6gle until the age of 13 when she started playing for two other teams; with girls in Veddige HK in Halland and with boys in Jonstorp IF. During the five years she played with Veddige she won two Swedish Championship bronze medals. With Jonstorp she played for three years before she changed club again, this time to play with Helsingborg HC J 18\/J20 for two years.    <\/p>\n<p>The 1998 Olympics in Nagano, Japan was the first time in history that women&#8217;s hockey was included in the Olympic program, as an &#8220;exhibition sport&#8221;. Maria, who was 19 years old, was selected for the Swedish team that would bring home a medal. Sweden was ranked fifth before the tournament, and came home in fifth place. Sweden lost the decisive match for a semi-final place to China, which many of the players found very disappointing.     <\/p>\n\t\t\t\t\t\t\t\t<\/div>\n\t\t\t\t<\/div>\n\t\t\t\t<\/div>\n\t\t\t\t\t<\/div>\n\t\t\t\t<\/div>\n\t\t<div class=\"elementor-element elementor-element-e8874a8 e-flex e-con-boxed e-con e-parent\" data-id=\"e8874a8\" data-element_type=\"container\" data-e-type=\"container\" data-settings=\"{&quot;background_background&quot;:&quot;classic&quot;,&quot;_ha_eqh_enable&quot;:false}\">\n\t\t\t\t\t<div class=\"e-con-inner\">\n\t\t<div class=\"elementor-element elementor-element-5e73465 e-con-full e-flex e-con e-child\" data-id=\"5e73465\" data-element_type=\"container\" data-e-type=\"container\" data-settings=\"{&quot;_ha_eqh_enable&quot;:false}\">\n\t\t\t\t<div class=\"elementor-element elementor-element-4efc267 elementor-widget elementor-widget-heading\" data-id=\"4efc267\" data-element_type=\"widget\" data-e-type=\"widget\" data-widget_type=\"heading.default\">\n\t\t\t\t<div class=\"elementor-widget-container\">\n\t\t\t\t\t<h2 class=\"elementor-heading-title elementor-size-default\">After graduation<\/h2>\t\t\t\t<\/div>\n\t\t\t\t<\/div>\n\t\t\t\t<div class=\"elementor-element elementor-element-aee34b9 elementor-widget elementor-widget-text-editor\" data-id=\"aee34b9\" data-element_type=\"widget\" data-e-type=\"widget\" data-widget_type=\"text-editor.default\">\n\t\t\t\t<div class=\"elementor-widget-container\">\n\t\t\t\t\t\t\t\t\t<p>After graduating from R\u00f6nneskolan in \u00c4ngelholm, Maria moved to Boston to play with the Assabet Valley Girls Hockey Club for one season (98\/99). While there, Maria was approached by a number of different universities who wanted to offer free tuition through a so-called &#8220;full scholarship&#8221;. After five school visits to Maine, UNH, Ohio, Wisconsin and Minnesota Duluth, she decided to sign for the University of Minnesota Duluth. Maria described it as feeling like &#8220;home&#8221; and choosing Duluth proved to be a successful decision. Maria earned her Bachelor&#8217;s degree in Communications, all while playing world-class ice hockey with the school&#8217;s team known as the Bulldogs. The Bulldogs won three consecutive US championships in 2001-2003. As a result of their success, the team was invited to the White House in Washington three years in a row to receive President George W. Bush&#8217;s honorary degree. As team captain for the last two seasons, Maria had the honor of presenting the team&#8217;s gift of a Bulldog jersey to President Bush.       <\/p>\n<p>While at UMD, Maria participated in her second Olympics in Salt Lake City in 2002. There, the most defeated Swedish team in history beat Finland 2-1 in the bronze medal match. Just days before Christmas 2001, it was announced that Sweden would be sending the women&#8217;s team to the Olympics, but not many people thought they would accomplish anything. Luckily, they believed in themselves and managed to prove that they belonged there.     <\/p>\n\t\t\t\t\t\t\t\t<\/div>\n\t\t\t\t<\/div>\n\t\t\t\t<\/div>\n\t\t<div class=\"elementor-element elementor-element-fd162c8 e-con-full e-flex e-con e-child\" data-id=\"fd162c8\" data-element_type=\"container\" data-e-type=\"container\" data-settings=\"{&quot;background_background&quot;:&quot;classic&quot;,&quot;_ha_eqh_enable&quot;:false}\">\n\t\t\t\t<div class=\"elementor-element elementor-element-88387b3 elementor-widget elementor-widget-spacer\" data-id=\"88387b3\" data-element_type=\"widget\" data-e-type=\"widget\" data-widget_type=\"spacer.default\">\n\t\t\t\t<div class=\"elementor-widget-container\">\n\t\t\t\t\t\t\t<div class=\"elementor-spacer\">\n\t\t\t<div class=\"elementor-spacer-inner\"><\/div>\n\t\t<\/div>\n\t\t\t\t\t\t<\/div>\n\t\t\t\t<\/div>\n\t\t\t\t<\/div>\n\t\t\t\t\t<\/div>\n\t\t\t\t<\/div>\n\t\t<div class=\"elementor-element elementor-element-129973f e-flex e-con-boxed e-con e-parent\" data-id=\"129973f\" data-element_type=\"container\" data-e-type=\"container\" data-settings=\"{&quot;_ha_eqh_enable&quot;:false}\">\n\t\t\t\t\t<div class=\"e-con-inner\">\n\t\t\t\t<div class=\"elementor-element elementor-element-f2a8a70 elementor-widget__width-initial elementor-widget elementor-widget-heading\" data-id=\"f2a8a70\" data-element_type=\"widget\" data-e-type=\"widget\" data-widget_type=\"heading.default\">\n\t\t\t\t<div class=\"elementor-widget-container\">\n\t\t\t\t\t<h2 class=\"elementor-heading-title elementor-size-default\">Time to hang up the skates, and train others<\/h2>\t\t\t\t<\/div>\n\t\t\t\t<\/div>\n\t\t\t\t<div class=\"elementor-element elementor-element-17b05de elementor-widget elementor-widget-text-editor\" data-id=\"17b05de\" data-element_type=\"widget\" data-e-type=\"widget\" data-widget_type=\"text-editor.default\">\n\t\t\t\t<div class=\"elementor-widget-container\">\n\t\t\t\t\t\t\t\t\t<p>After graduating from Duluth, Maria went back home to Sweden to play hockey with the Limhamn Limeburners, just outside Malm\u00f6 in the south. She played for both the J 18 and J 2o as well as the women&#8217;s team. The women&#8217;s team managed to win silver at the 2004 Swedish Championship after losing to AIK in the final.  <\/p>\n<p>After the year in Malm\u00f6, Maria moved to Stockholm to play with M\/B (M\u00e4larh\u00f6jden\/Bred\u00e4ng) for two seasons (04\/05, 05\/06) and they won the Swedish Championship both years.<\/p>\n<p><strong>The 2006 Olympic Games in Italy<\/strong> were Maria&#8217;s third. She was instrumental in the historic semi-final win over the USA. In the 25 previous meetings between the two countries, Sweden had not managed to score a single point, with a shot record of 29-187. Sweden won 3-2 after overtime and penalties. Maria scored both goals during the match and the decisive penalty goal that took Sweden to its first ever gold medal match in a World Cup or Olympic Games. Newspapers around the world called the win over the US &#8220;The Second Miracle&#8221;, the first miracle referring to the US college boys&#8217; win over mighty Russia in the 1980 Lake Placid Olympics. Sweden lost the final 4-1 to the overwhelming favorites Canada. Maria was selected to the All-Star Team and finished the tournament with 8 points (5 goals, 3 assists).       <\/p>\n<p><strong>For the 2006\/07 season,<\/strong> Maria signed for AIK IF in Stockholm, where she stayed for her last four seasons. The start in AIK was good, they won the European Championship for club teams in December 2006 in Katrineholm. The season ended in the best way with Swedish Championship Gold for AIK and World Championship Bronze with Damkronorna. There were a total of two European Cup titles and two Swedish Championship golds.   <\/p>\n<p><strong>Maria retired from skating in March 2010<\/strong>, and soon after became an assistant coach at her former college, the University of Minnesota Duluth (UMD) in the USA. The head coach at the school at the time was Maria&#8217;s old coach, Shannon Miller. According to Maria, there is no better coach, so Maria took the chance to go over to learn as much as possible about what it is like to be a full-time coach. The other assistant coach was Laura Schuler, a former national team player for Canada with an Olympics and a few World Cups under her belt.   <\/p>\n<p><strong>In May 2011,<\/strong> Maria decided to go home to \u00c4ngelholm and Sweden to start a life at home to develop women&#8217;s hockey in Sweden. Today she works as an inspirational speaker throughout the Nordic region. Maria also runs her summer hockey school for girls in Halmstad, which is one of the world&#8217;s largest schools with 270 students annually, designs women&#8217;s hockey clothing and is an expert commentator for hockey on SVT. She is also CEO of JUSTICE Hockey AB, which sells ice hockey sticks adapted to the individual, you can find the website <span style=\"text-decoration: underline;\"><a href=\"https:\/\/www.justicehockey.se\/\" target=\"_blank\" rel=\"noopener\">HERE<\/a><\/span>.     <\/p>\n\t\t\t\t\t\t\t\t<\/div>\n\t\t\t\t<\/div>\n\t\t\t\t\t<\/div>\n\t\t\t\t<\/div>\n\t\t<div class=\"elementor-element elementor-element-a979bfa e-flex e-con-boxed e-con e-parent\" data-id=\"a979bfa\" data-element_type=\"container\" data-e-type=\"container\" data-settings=\"{&quot;_ha_eqh_enable&quot;:false}\">\n\t\t\t\t\t<div class=\"e-con-inner\">\n\t\t\t\t<div class=\"elementor-element elementor-element-f2e9c07 elementor-widget elementor-widget-gallery\" data-id=\"f2e9c07\" data-element_type=\"widget\" data-e-type=\"widget\" data-settings=\"{&quot;columns_mobile&quot;:2,&quot;lazyload&quot;:&quot;yes&quot;,&quot;gallery_layout&quot;:&quot;grid&quot;,&quot;columns&quot;:4,&quot;columns_tablet&quot;:2,&quot;gap&quot;:{&quot;unit&quot;:&quot;px&quot;,&quot;size&quot;:10,&quot;sizes&quot;:[]},&quot;gap_tablet&quot;:{&quot;unit&quot;:&quot;px&quot;,&quot;size&quot;:10,&quot;sizes&quot;:[]},&quot;gap_mobile&quot;:{&quot;unit&quot;:&quot;px&quot;,&quot;size&quot;:10,&quot;sizes&quot;:[]},&quot;link_to&quot;:&quot;file&quot;,&quot;aspect_ratio&quot;:&quot;3:2&quot;,&quot;overlay_background&quot;:&quot;yes&quot;,&quot;content_hover_animation&quot;:&quot;fade-in&quot;}\" data-widget_type=\"gallery.default\">\n\t\t\t\t<div class=\"elementor-widget-container\">\n\t\t\t\t\t\t\t<div class=\"elementor-gallery__container\">\n\t\t\t\t\t\t\t<a class=\"e-gallery-item elementor-gallery-item elementor-animated-content\" href=\"https:\/\/mariarooth.com\/wp-content\/uploads\/2024\/11\/BB230523JM023-scaled.jpg\" data-elementor-open-lightbox=\"yes\" data-elementor-lightbox-slideshow=\"f2e9c07\" data-elementor-lightbox-title=\"BB230523JM023\" data-e-action-hash=\"#elementor-action%3Aaction%3Dlightbox%26settings%3DeyJpZCI6MjM3NywidXJsIjoiaHR0cHM6XC9cL21hcmlhcm9vdGguY29tXC93cC1jb250ZW50XC91cGxvYWRzXC8yMDI0XC8xMVwvQkIyMzA1MjNKTTAyMy1zY2FsZWQuanBnIiwic2xpZGVzaG93IjoiZjJlOWMwNyJ9\">\n\t\t\t\t\t<div class=\"e-gallery-image elementor-gallery-item__image\" data-thumbnail=\"https:\/\/mariarooth.com\/wp-content\/uploads\/2024\/11\/BB230523JM023-1536x1024.jpg\" data-width=\"1536\" data-height=\"1024\" aria-label=\"\" role=\"img\" ><\/div>\n\t\t\t\t\t\t\t\t\t\t\t<div class=\"elementor-gallery-item__overlay\"><\/div>\n\t\t\t\t\t\t\t\t\t\t\t\t\t\t<\/a>\n\t\t\t\t\t\t\t<a class=\"e-gallery-item elementor-gallery-item elementor-animated-content\" href=\"https:\/\/mariarooth.com\/wp-content\/uploads\/2024\/11\/BB191103DR192-scaled.jpg\" data-elementor-open-lightbox=\"yes\" data-elementor-lightbox-slideshow=\"f2e9c07\" data-elementor-lightbox-title=\"BB191103DR192\" data-e-action-hash=\"#elementor-action%3Aaction%3Dlightbox%26settings%3DeyJpZCI6MjM3NiwidXJsIjoiaHR0cHM6XC9cL21hcmlhcm9vdGguY29tXC93cC1jb250ZW50XC91cGxvYWRzXC8yMDI0XC8xMVwvQkIxOTExMDNEUjE5Mi1zY2FsZWQuanBnIiwic2xpZGVzaG93IjoiZjJlOWMwNyJ9\">\n\t\t\t\t\t<div class=\"e-gallery-image elementor-gallery-item__image\" data-thumbnail=\"https:\/\/mariarooth.com\/wp-content\/uploads\/2024\/11\/BB191103DR192-1536x1024.jpg\" data-width=\"1536\" data-height=\"1024\" aria-label=\"\" role=\"img\" ><\/div>\n\t\t\t\t\t\t\t\t\t\t\t<div class=\"elementor-gallery-item__overlay\"><\/div>\n\t\t\t\t\t\t\t\t\t\t\t\t\t\t<\/a>\n\t\t\t\t\t\t\t<a class=\"e-gallery-item elementor-gallery-item elementor-animated-content\" href=\"https:\/\/mariarooth.com\/wp-content\/uploads\/2024\/11\/BB180125AE039-scaled.jpg\" data-elementor-open-lightbox=\"yes\" data-elementor-lightbox-slideshow=\"f2e9c07\" data-elementor-lightbox-title=\"BB180125AE039\" data-e-action-hash=\"#elementor-action%3Aaction%3Dlightbox%26settings%3DeyJpZCI6MjM3NSwidXJsIjoiaHR0cHM6XC9cL21hcmlhcm9vdGguY29tXC93cC1jb250ZW50XC91cGxvYWRzXC8yMDI0XC8xMVwvQkIxODAxMjVBRTAzOS1zY2FsZWQuanBnIiwic2xpZGVzaG93IjoiZjJlOWMwNyJ9\">\n\t\t\t\t\t<div class=\"e-gallery-image elementor-gallery-item__image\" data-thumbnail=\"https:\/\/mariarooth.com\/wp-content\/uploads\/2024\/11\/BB180125AE039-1536x1024.jpg\" data-width=\"1536\" data-height=\"1024\" aria-label=\"\" role=\"img\" ><\/div>\n\t\t\t\t\t\t\t\t\t\t\t<div class=\"elementor-gallery-item__overlay\"><\/div>\n\t\t\t\t\t\t\t\t\t\t\t\t\t\t<\/a>\n\t\t\t\t\t\t\t<a class=\"e-gallery-item elementor-gallery-item elementor-animated-content\" href=\"https:\/\/mariarooth.com\/wp-content\/uploads\/2024\/08\/MariaRooth_NYA2021-21.jpg\" data-elementor-open-lightbox=\"yes\" data-elementor-lightbox-slideshow=\"f2e9c07\" data-elementor-lightbox-title=\"MariaRooth_NYA2021 21\" data-e-action-hash=\"#elementor-action%3Aaction%3Dlightbox%26settings%3DeyJpZCI6MTQ2NSwidXJsIjoiaHR0cHM6XC9cL21hcmlhcm9vdGguY29tXC93cC1jb250ZW50XC91cGxvYWRzXC8yMDI0XC8wOFwvTWFyaWFSb290aF9OWUEyMDIxLTIxLmpwZyIsInNsaWRlc2hvdyI6ImYyZTljMDcifQ%3D%3D\">\n\t\t\t\t\t<div class=\"e-gallery-image elementor-gallery-item__image\" data-thumbnail=\"https:\/\/mariarooth.com\/wp-content\/uploads\/2024\/08\/MariaRooth_NYA2021-21.jpg\" data-width=\"1000\" data-height=\"561\" aria-label=\"\" role=\"img\" ><\/div>\n\t\t\t\t\t\t\t\t\t\t\t<div class=\"elementor-gallery-item__overlay\"><\/div>\n\t\t\t\t\t\t\t\t\t\t\t\t\t\t<\/a>\n\t\t\t\t\t<\/div>\n\t\t\t\t\t<\/div>\n\t\t\t\t<\/div>\n\t\t\t\t\t<\/div>\n\t\t\t\t<\/div>\n\t\t\t\t<\/div>\n\t\t","protected":false},"excerpt":{"rendered":"<p>About Maria Start date Who is Maria Rooth? After 265 international games, she hung up her skates after the 2009\/2010 season. Today she works as an inspirational speaker, runs a summer hockey school for girls, organizes mini hockey camps throughout the Nordic region, sells girls&#8217; and women&#8217;s hockey clothing and is a hockey expert for [&hellip;]<\/p>\n","protected":false},"author":1,"featured_media":0,"parent":5991,"menu_order":0,"comment_status":"closed","ping_status":"closed","template":"","meta":{"site-sidebar-layout":"no-sidebar","site-content-layout":"page-builder","ast-site-content-layout":"full-width-container","site-content-style":"unboxed","site-sidebar-style":"unboxed","ast-global-header-display":"","ast-banner-title-visibility":"","ast-main-header-display":"","ast-hfb-above-header-display":"","ast-hfb-below-header-display":"","ast-hfb-mobile-header-display":"","site-post-title":"disabled","ast-breadcrumbs-content":"","ast-featured-img":"disabled","footer-sml-layout":"","ast-disable-related-posts":"","theme-transparent-header-meta":"default","adv-header-id-meta":"","stick-header-meta":"","header-above-stick-meta":"","header-main-stick-meta":"","header-below-stick-meta":"","astra-migrate-meta-layouts":"default","ast-page-background-enabled":"default","ast-page-background-meta":{"desktop":{"background-color":"","background-image":"","background-repeat":"repeat","background-position":"center center","background-size":"auto","background-attachment":"scroll","background-type":"","background-media":"","overlay-type":"","overlay-color":"","overlay-opacity":"","overlay-gradient":""},"tablet":{"background-color":"","background-image":"","background-repeat":"repeat","background-position":"center center","background-size":"auto","background-attachment":"scroll","background-type":"","background-media":"","overlay-type":"","overlay-color":"","overlay-opacity":"","overlay-gradient":""},"mobile":{"background-color":"","background-image":"","background-repeat":"repeat","background-position":"center center","background-size":"auto","background-attachment":"scroll","background-type":"","background-media":"","overlay-type":"","overlay-color":"","overlay-opacity":"","overlay-gradient":""}},"ast-content-background-meta":{"desktop":{"background-color":"var(--ast-global-color-5)","background-image":"","background-repeat":"repeat","background-position":"center center","background-size":"auto","background-attachment":"scroll","background-type":"","background-media":"","overlay-type":"","overlay-color":"","overlay-opacity":"","overlay-gradient":""},"tablet":{"background-color":"var(--ast-global-color-5)","background-image":"","background-repeat":"repeat","background-position":"center center","background-size":"auto","background-attachment":"scroll","background-type":"","background-media":"","overlay-type":"","overlay-color":"","overlay-opacity":"","overlay-gradient":""},"mobile":{"background-color":"var(--ast-global-color-5)","background-image":"","background-repeat":"repeat","background-position":"center center","background-size":"auto","background-attachment":"scroll","background-type":"","background-media":"","overlay-type":"","overlay-color":"","overlay-opacity":"","overlay-gradient":""}},"footnotes":""},"class_list":["post-6007","page","type-page","status-publish","hentry"],"_links":{"self":[{"href":"https:\/\/mariarooth.com\/en\/wp-json\/wp\/v2\/pages\/6007","targetHints":{"allow":["GET"]}}],"collection":[{"href":"https:\/\/mariarooth.com\/en\/wp-json\/wp\/v2\/pages"}],"about":[{"href":"https:\/\/mariarooth.com\/en\/wp-json\/wp\/v2\/types\/page"}],"author":[{"embeddable":true,"href":"https:\/\/mariarooth.com\/en\/wp-json\/wp\/v2\/users\/1"}],"replies":[{"embeddable":true,"href":"https:\/\/mariarooth.com\/en\/wp-json\/wp\/v2\/comments?post=6007"}],"version-history":[{"count":0,"href":"https:\/\/mariarooth.com\/en\/wp-json\/wp\/v2\/pages\/6007\/revisions"}],"up":[{"embeddable":true,"href":"https:\/\/mariarooth.com\/en\/wp-json\/wp\/v2\/pages\/5991"}],"wp:attachment":[{"href":"https:\/\/mariarooth.com\/en\/wp-json\/wp\/v2\/media?parent=6007"}],"curies":[{"name":"wp","href":"https:\/\/api.w.org\/{rel}","templated":true}]}}